{"id":23759,"date":"2020-07-30T21:00:27","date_gmt":"2020-07-30T20:00:27","guid":{"rendered":"https:\/\/www.vkkralupy.cz\/?page_id=23759"},"modified":"2020-07-30T21:15:49","modified_gmt":"2020-07-30T20:15:49","slug":"dochazka-2020-2021","status":"publish","type":"page","link":"https:\/\/old.vkkralupy.cz\/index.php\/dochazka-3\/dochazka-2020-2021\/","title":{"rendered":"Dochazka 2020 &#8211; 2021"},"content":{"rendered":"<table id=\"igsv-1dbVm2fApkGshPrPTavID8lS-omlg7kXGviKfIlx_ZG4\" class=\"igsv-table no-responsive FixedColumns-left-3\" lang=\"cs-CZ\" style=\"\" data-ordering='false' data-paging='false' data-scroll-x='true' data-searching='false' data-column-defs='[{ &quot;targets&quot;: 0, &quot;width&quot;: &quot;120px&quot; }]' ><thead>\n<tr id=\"igsv-1dbVm2fApkGshPrPTavID8lS-omlg7kXGviKfIlx_ZG4-row-1\" class=\"row-1 odd\"><th class=\"col-1 odd\"><div>2020 - 2021<\/div><\/th><th class=\"col-2 even\"><div>Celkem<\/div><\/th><th class=\"col-3 odd\"><div><\/div><\/th><th class=\"col-4 even\"><div>2020 \/ 08<\/div><\/th><th class=\"col-5 odd\"><div><\/div><\/th><th class=\"col-6 even\"><div>2020 \/ 09<\/div><\/th><th class=\"col-7 odd\"><div><\/div><\/th><th class=\"col-8 even\"><div>2020 \/ 10<\/div><\/th><th class=\"col-9 odd\"><div><\/div><\/th><th class=\"col-10 even\"><div>2020 \/ 11<\/div><\/th><th class=\"col-11 odd\"><div><\/div><\/th><th class=\"col-12 even\"><div>2020 \/ 12<\/div><\/th><th class=\"col-13 odd\"><div><\/div><\/th><th class=\"col-14 even\"><div>2021 \/ 01<\/div><\/th><th class=\"col-15 odd\"><div><\/div><\/th><th class=\"col-16 even\"><div>2021 \/ 02<\/div><\/th><th class=\"col-17 odd\"><div><\/div><\/th><th class=\"col-18 even\"><div>2021 \/ 03<\/div><\/th><th class=\"col-19 odd\"><div><\/div><\/th><th class=\"col-20 even\"><div>2021 \/ 04<\/div><\/th><th class=\"col-21 odd\"><div><\/div><\/th><th class=\"col-22 even\"><div>2021 \/ 05<\/div><\/th><th class=\"col-23 odd\"><div><\/div><\/th><th class=\"col-24 even\"><div>2021 \/ 06<\/div><\/th><th class=\"col-25 odd\"><div><\/div><\/th><\/tr><tr id=\"igsv-1dbVm2fApkGshPrPTavID8lS-omlg7kXGviKfIlx_ZG4-row-2\" class=\"row-2 even\"><th class=\"col-1 odd\"><div><\/div><\/th><th class=\"col-2 even\"><div>242<\/div><\/th><th class=\"col-3 odd\"><div><\/div><\/th><th class=\"col-4 even\"><div>36<\/div><\/th><th class=\"col-5 odd\"><div><\/div><\/th><th class=\"col-6 even\"><div>15<\/div><\/th><th class=\"col-7 odd\"><div><\/div><\/th><th class=\"col-8 even\"><div>18<\/div><\/th><th class=\"col-9 odd\"><div><\/div><\/th><th class=\"col-10 even\"><div>22<\/div><\/th><th class=\"col-11 odd\"><div><\/div><\/th><th class=\"col-12 even\"><div>21<\/div><\/th><th class=\"col-13 odd\"><div><\/div><\/th><th class=\"col-14 even\"><div>23<\/div><\/th><th class=\"col-15 odd\"><div><\/div><\/th><th class=\"col-16 even\"><div>20<\/div><\/th><th class=\"col-17 odd\"><div><\/div><\/th><th class=\"col-18 even\"><div>22<\/div><\/th><th class=\"col-19 odd\"><div><\/div><\/th><th class=\"col-20 even\"><div>21<\/div><\/th><th class=\"col-21 odd\"><div><\/div><\/th><th class=\"col-22 even\"><div>23<\/div><\/th><th class=\"col-23 odd\"><div><\/div><\/th><th class=\"col-24 even\"><div>21<\/div><\/th><th class=\"col-25 odd\"><div><\/div><\/th><\/tr><\/thead><tbody>\n<tr id=\"igsv-1dbVm2fApkGshPrPTavID8lS-omlg7kXGviKfIlx_ZG4-row-3\" class=\"row-3 odd\"><td class=\"col-1 odd\">Fejtov\u00e1 Ad\u00e9la<\/td><td class=\"col-2 even\">230<\/td><td class=\"col-3 odd\">95%<\/td><td class=\"col-4 even\">28<\/td><td class=\"col-5 odd\">78%<\/td><td class=\"col-6 even\">11<\/td><td class=\"col-7 odd\">73%<\/td><td class=\"col-8 even\">18<\/td><td class=\"col-9 odd\">100%<\/td><td class=\"col-10 even\">22<\/td><td class=\"col-11 odd\">100%<\/td><td class=\"col-12 even\">21<\/td><td class=\"col-13 odd\">100%<\/td><td class=\"col-14 even\">23<\/td><td class=\"col-15 odd\">100%<\/td><td class=\"col-16 even\">20<\/td><td class=\"col-17 odd\">100%<\/td><td class=\"col-18 even\">22<\/td><td class=\"col-19 odd\">100%<\/td><td class=\"col-20 even\">21<\/td><td class=\"col-21 odd\">100%<\/td><td class=\"col-22 even\">23<\/td><td class=\"col-23 odd\">100%<\/td><td class=\"col-24 even\">21<\/td><td class=\"col-25 odd\">100%<\/td><\/tr><tr id=\"igsv-1dbVm2fApkGshPrPTavID8lS-omlg7kXGviKfIlx_ZG4-row-4\" class=\"row-4 even\"><td class=\"col-1 odd\">Fejtov\u00e1 Karol\u00edna<\/td><td class=\"col-2 even\">224<\/td><td class=\"col-3 odd\">93%<\/td><td class=\"col-4 even\">28<\/td><td class=\"col-5 odd\">78%<\/td><td class=\"col-6 even\">7<\/td><td class=\"col-7 odd\">47%<\/td><td class=\"col-8 even\">16<\/td><td class=\"col-9 odd\">89%<\/td><td class=\"col-10 even\">22<\/td><td class=\"col-11 odd\">100%<\/td><td class=\"col-12 even\">21<\/td><td class=\"col-13 odd\">100%<\/td><td class=\"col-14 even\">23<\/td><td class=\"col-15 odd\">100%<\/td><td class=\"col-16 even\">20<\/td><td class=\"col-17 odd\">100%<\/td><td class=\"col-18 even\">22<\/td><td class=\"col-19 odd\">100%<\/td><td class=\"col-20 even\">21<\/td><td class=\"col-21 odd\">100%<\/td><td class=\"col-22 even\">23<\/td><td class=\"col-23 odd\">100%<\/td><td class=\"col-24 even\">21<\/td><td class=\"col-25 odd\">100%<\/td><\/tr><tr id=\"igsv-1dbVm2fApkGshPrPTavID8lS-omlg7kXGviKfIlx_ZG4-row-5\" class=\"row-5 odd\"><td class=\"col-1 odd\">Hlav\u00e1\u010dkov\u00e1 Kate\u0159ina<\/td><td class=\"col-2 even\">239<\/td><td class=\"col-3 odd\">99%<\/td><td class=\"col-4 even\">36<\/td><td class=\"col-5 odd\">100%<\/td><td class=\"col-6 even\">15<\/td><td class=\"col-7 odd\">100%<\/td><td class=\"col-8 even\">15<\/td><td class=\"col-9 odd\">83%<\/td><td class=\"col-10 even\">22<\/td><td class=\"col-11 odd\">100%<\/td><td class=\"col-12 even\">21<\/td><td class=\"col-13 odd\">100%<\/td><td class=\"col-14 even\">23<\/td><td class=\"col-15 odd\">100%<\/td><td class=\"col-16 even\">20<\/td><td class=\"col-17 odd\">100%<\/td><td class=\"col-18 even\">22<\/td><td class=\"col-19 odd\">100%<\/td><td class=\"col-20 even\">21<\/td><td class=\"col-21 odd\">100%<\/td><td class=\"col-22 even\">23<\/td><td class=\"col-23 odd\">100%<\/td><td class=\"col-24 even\">21<\/td><td class=\"col-25 odd\">100%<\/td><\/tr><tr id=\"igsv-1dbVm2fApkGshPrPTavID8lS-omlg7kXGviKfIlx_ZG4-row-6\" class=\"row-6 even\"><td class=\"col-1 odd\">Chlapcov\u00e1 Kate\u0159ina<\/td><td class=\"col-2 even\">204<\/td><td class=\"col-3 odd\">84%<\/td><td class=\"col-4 even\">7<\/td><td class=\"col-5 odd\">19%<\/td><td class=\"col-6 even\">8<\/td><td class=\"col-7 odd\">53%<\/td><td class=\"col-8 even\">16<\/td><td class=\"col-9 odd\">89%<\/td><td class=\"col-10 even\">22<\/td><td class=\"col-11 odd\">100%<\/td><td class=\"col-12 even\">21<\/td><td class=\"col-13 odd\">100%<\/td><td class=\"col-14 even\">23<\/td><td class=\"col-15 odd\">100%<\/td><td class=\"col-16 even\">20<\/td><td class=\"col-17 odd\">100%<\/td><td class=\"col-18 even\">22<\/td><td class=\"col-19 odd\">100%<\/td><td class=\"col-20 even\">21<\/td><td class=\"col-21 odd\">100%<\/td><td class=\"col-22 even\">23<\/td><td class=\"col-23 odd\">100%<\/td><td class=\"col-24 even\">21<\/td><td class=\"col-25 odd\">100%<\/td><\/tr><tr id=\"igsv-1dbVm2fApkGshPrPTavID8lS-omlg7kXGviKfIlx_ZG4-row-7\" class=\"row-7 odd\"><td class=\"col-1 odd\">Kazdov\u00e1 Kate\u0159ina<\/td><td class=\"col-2 even\">240<\/td><td class=\"col-3 odd\">99%<\/td><td class=\"col-4 even\">35<\/td><td class=\"col-5 odd\">97%<\/td><td class=\"col-6 even\">14<\/td><td class=\"col-7 odd\">93%<\/td><td class=\"col-8 even\">18<\/td><td class=\"col-9 odd\">100%<\/td><td class=\"col-10 even\">22<\/td><td class=\"col-11 odd\">100%<\/td><td class=\"col-12 even\">21<\/td><td class=\"col-13 odd\">100%<\/td><td class=\"col-14 even\">23<\/td><td class=\"col-15 odd\">100%<\/td><td class=\"col-16 even\">20<\/td><td class=\"col-17 odd\">100%<\/td><td class=\"col-18 even\">22<\/td><td class=\"col-19 odd\">100%<\/td><td class=\"col-20 even\">21<\/td><td class=\"col-21 odd\">100%<\/td><td class=\"col-22 even\">23<\/td><td class=\"col-23 odd\">100%<\/td><td class=\"col-24 even\">21<\/td><td class=\"col-25 odd\">100%<\/td><\/tr><tr id=\"igsv-1dbVm2fApkGshPrPTavID8lS-omlg7kXGviKfIlx_ZG4-row-8\" class=\"row-8 even\"><td class=\"col-1 odd\">Kotr\u010dov\u00e1 Kate\u0159ina<\/td><td class=\"col-2 even\">239<\/td><td class=\"col-3 odd\">99%<\/td><td class=\"col-4 even\">35<\/td><td class=\"col-5 odd\">97%<\/td><td class=\"col-6 even\">13<\/td><td class=\"col-7 odd\">87%<\/td><td class=\"col-8 even\">18<\/td><td class=\"col-9 odd\">100%<\/td><td class=\"col-10 even\">22<\/td><td class=\"col-11 odd\">100%<\/td><td class=\"col-12 even\">21<\/td><td class=\"col-13 odd\">100%<\/td><td class=\"col-14 even\">23<\/td><td class=\"col-15 odd\">100%<\/td><td class=\"col-16 even\">20<\/td><td class=\"col-17 odd\">100%<\/td><td class=\"col-18 even\">22<\/td><td class=\"col-19 odd\">100%<\/td><td class=\"col-20 even\">21<\/td><td class=\"col-21 odd\">100%<\/td><td class=\"col-22 even\">23<\/td><td class=\"col-23 odd\">100%<\/td><td class=\"col-24 even\">21<\/td><td class=\"col-25 odd\">100%<\/td><\/tr><tr id=\"igsv-1dbVm2fApkGshPrPTavID8lS-omlg7kXGviKfIlx_ZG4-row-9\" class=\"row-9 odd\"><td class=\"col-1 odd\">Hiklov\u00e1 Kl\u00e1ra<\/td><td class=\"col-2 even\">223<\/td><td class=\"col-3 odd\">92%<\/td><td class=\"col-4 even\">27<\/td><td class=\"col-5 odd\">75%<\/td><td class=\"col-6 even\">5<\/td><td class=\"col-7 odd\">33%<\/td><td class=\"col-8 even\">18<\/td><td class=\"col-9 odd\">100%<\/td><td class=\"col-10 even\">22<\/td><td class=\"col-11 odd\">100%<\/td><td class=\"col-12 even\">21<\/td><td class=\"col-13 odd\">100%<\/td><td class=\"col-14 even\">23<\/td><td class=\"col-15 odd\">100%<\/td><td class=\"col-16 even\">20<\/td><td class=\"col-17 odd\">100%<\/td><td class=\"col-18 even\">22<\/td><td class=\"col-19 odd\">100%<\/td><td class=\"col-20 even\">21<\/td><td class=\"col-21 odd\">100%<\/td><td class=\"col-22 even\">23<\/td><td class=\"col-23 odd\">100%<\/td><td class=\"col-24 even\">21<\/td><td class=\"col-25 odd\">100%<\/td><\/tr><tr id=\"igsv-1dbVm2fApkGshPrPTavID8lS-omlg7kXGviKfIlx_ZG4-row-10\" class=\"row-10 even\"><td class=\"col-1 odd\">Kynclov\u00e1 L\u00edda<\/td><td class=\"col-2 even\">222<\/td><td class=\"col-3 odd\">92%<\/td><td class=\"col-4 even\">29<\/td><td class=\"col-5 odd\">81%<\/td><td class=\"col-6 even\">4<\/td><td class=\"col-7 odd\">27%<\/td><td class=\"col-8 even\">16<\/td><td class=\"col-9 odd\">89%<\/td><td class=\"col-10 even\">22<\/td><td class=\"col-11 odd\">100%<\/td><td class=\"col-12 even\">21<\/td><td class=\"col-13 odd\">100%<\/td><td class=\"col-14 even\">23<\/td><td class=\"col-15 odd\">100%<\/td><td class=\"col-16 even\">20<\/td><td class=\"col-17 odd\">100%<\/td><td class=\"col-18 even\">22<\/td><td class=\"col-19 odd\">100%<\/td><td class=\"col-20 even\">21<\/td><td class=\"col-21 odd\">100%<\/td><td class=\"col-22 even\">23<\/td><td class=\"col-23 odd\">100%<\/td><td class=\"col-24 even\">21<\/td><td class=\"col-25 odd\">100%<\/td><\/tr><tr id=\"igsv-1dbVm2fApkGshPrPTavID8lS-omlg7kXGviKfIlx_ZG4-row-11\" class=\"row-11 odd\"><td class=\"col-1 odd\">Momutov\u00e1 Viktorie<\/td><td class=\"col-2 even\">238<\/td><td class=\"col-3 odd\">98%<\/td><td class=\"col-4 even\">36<\/td><td class=\"col-5 odd\">100%<\/td><td class=\"col-6 even\">11<\/td><td class=\"col-7 odd\">73%<\/td><td class=\"col-8 even\">18<\/td><td class=\"col-9 odd\">100%<\/td><td class=\"col-10 even\">22<\/td><td class=\"col-11 odd\">100%<\/td><td class=\"col-12 even\">21<\/td><td class=\"col-13 odd\">100%<\/td><td class=\"col-14 even\">23<\/td><td class=\"col-15 odd\">100%<\/td><td class=\"col-16 even\">20<\/td><td class=\"col-17 odd\">100%<\/td><td class=\"col-18 even\">22<\/td><td class=\"col-19 odd\">100%<\/td><td class=\"col-20 even\">21<\/td><td class=\"col-21 odd\">100%<\/td><td class=\"col-22 even\">23<\/td><td class=\"col-23 odd\">100%<\/td><td class=\"col-24 even\">21<\/td><td class=\"col-25 odd\">100%<\/td><\/tr><tr id=\"igsv-1dbVm2fApkGshPrPTavID8lS-omlg7kXGviKfIlx_ZG4-row-12\" class=\"row-12 even\"><td class=\"col-1 odd\">Mor\u00e1\u0148ov\u00e1 Nikol Ad\u00e9la<\/td><td class=\"col-2 even\">231<\/td><td class=\"col-3 odd\">95%<\/td><td class=\"col-4 even\">31<\/td><td class=\"col-5 odd\">86%<\/td><td class=\"col-6 even\">11<\/td><td class=\"col-7 odd\">73%<\/td><td class=\"col-8 even\">16<\/td><td class=\"col-9 odd\">89%<\/td><td class=\"col-10 even\">22<\/td><td class=\"col-11 odd\">100%<\/td><td class=\"col-12 even\">21<\/td><td class=\"col-13 odd\">100%<\/td><td class=\"col-14 even\">23<\/td><td class=\"col-15 odd\">100%<\/td><td class=\"col-16 even\">20<\/td><td class=\"col-17 odd\">100%<\/td><td class=\"col-18 even\">22<\/td><td class=\"col-19 odd\">100%<\/td><td class=\"col-20 even\">21<\/td><td class=\"col-21 odd\">100%<\/td><td class=\"col-22 even\">23<\/td><td class=\"col-23 odd\">100%<\/td><td class=\"col-24 even\">21<\/td><td class=\"col-25 odd\">100%<\/td><\/tr><tr id=\"igsv-1dbVm2fApkGshPrPTavID8lS-omlg7kXGviKfIlx_ZG4-row-13\" class=\"row-13 odd\"><td class=\"col-1 odd\">Neprasova Ane\u017eka<\/td><td class=\"col-2 even\">213<\/td><td class=\"col-3 odd\">88%<\/td><td class=\"col-4 even\">21<\/td><td class=\"col-5 odd\">58%<\/td><td class=\"col-6 even\">4<\/td><td class=\"col-7 odd\">27%<\/td><td class=\"col-8 even\">15<\/td><td class=\"col-9 odd\">83%<\/td><td class=\"col-10 even\">22<\/td><td class=\"col-11 odd\">100%<\/td><td class=\"col-12 even\">21<\/td><td class=\"col-13 odd\">100%<\/td><td class=\"col-14 even\">23<\/td><td class=\"col-15 odd\">100%<\/td><td class=\"col-16 even\">20<\/td><td class=\"col-17 odd\">100%<\/td><td class=\"col-18 even\">22<\/td><td class=\"col-19 odd\">100%<\/td><td class=\"col-20 even\">21<\/td><td class=\"col-21 odd\">100%<\/td><td class=\"col-22 even\">23<\/td><td class=\"col-23 odd\">100%<\/td><td class=\"col-24 even\">21<\/td><td class=\"col-25 odd\">100%<\/td><\/tr><tr id=\"igsv-1dbVm2fApkGshPrPTavID8lS-omlg7kXGviKfIlx_ZG4-row-14\" class=\"row-14 even\"><td class=\"col-1 odd\">Nov\u00e1 Lucie<\/td><td class=\"col-2 even\">238<\/td><td class=\"col-3 odd\">98%<\/td><td class=\"col-4 even\">33<\/td><td class=\"col-5 odd\">92%<\/td><td class=\"col-6 even\">14<\/td><td class=\"col-7 odd\">93%<\/td><td class=\"col-8 even\">18<\/td><td class=\"col-9 odd\">100%<\/td><td class=\"col-10 even\">22<\/td><td class=\"col-11 odd\">100%<\/td><td class=\"col-12 even\">21<\/td><td class=\"col-13 odd\">100%<\/td><td class=\"col-14 even\">23<\/td><td class=\"col-15 odd\">100%<\/td><td class=\"col-16 even\">20<\/td><td class=\"col-17 odd\">100%<\/td><td class=\"col-18 even\">22<\/td><td class=\"col-19 odd\">100%<\/td><td class=\"col-20 even\">21<\/td><td class=\"col-21 odd\">100%<\/td><td class=\"col-22 even\">23<\/td><td class=\"col-23 odd\">100%<\/td><td class=\"col-24 even\">21<\/td><td class=\"col-25 odd\">100%<\/td><\/tr><tr id=\"igsv-1dbVm2fApkGshPrPTavID8lS-omlg7kXGviKfIlx_ZG4-row-15\" class=\"row-15 odd\"><td class=\"col-1 odd\">Pt\u00e1\u010dkov\u00e1 Andrea<\/td><td class=\"col-2 even\">219<\/td><td class=\"col-3 odd\">90%<\/td><td class=\"col-4 even\">27<\/td><td class=\"col-5 odd\">75%<\/td><td class=\"col-6 even\">5<\/td><td class=\"col-7 odd\">33%<\/td><td class=\"col-8 even\">14<\/td><td class=\"col-9 odd\">78%<\/td><td class=\"col-10 even\">22<\/td><td class=\"col-11 odd\">100%<\/td><td class=\"col-12 even\">21<\/td><td class=\"col-13 odd\">100%<\/td><td class=\"col-14 even\">23<\/td><td class=\"col-15 odd\">100%<\/td><td class=\"col-16 even\">20<\/td><td class=\"col-17 odd\">100%<\/td><td class=\"col-18 even\">22<\/td><td class=\"col-19 odd\">100%<\/td><td class=\"col-20 even\">21<\/td><td class=\"col-21 odd\">100%<\/td><td class=\"col-22 even\">23<\/td><td class=\"col-23 odd\">100%<\/td><td class=\"col-24 even\">21<\/td><td class=\"col-25 odd\">100%<\/td><\/tr><tr id=\"igsv-1dbVm2fApkGshPrPTavID8lS-omlg7kXGviKfIlx_ZG4-row-16\" class=\"row-16 even\"><td class=\"col-1 odd\">Pt\u00e1\u010dkov\u00e1 Aneta<\/td><td class=\"col-2 even\">219<\/td><td class=\"col-3 odd\">90%<\/td><td class=\"col-4 even\">25<\/td><td class=\"col-5 odd\">69%<\/td><td class=\"col-6 even\">6<\/td><td class=\"col-7 odd\">40%<\/td><td class=\"col-8 even\">15<\/td><td class=\"col-9 odd\">83%<\/td><td class=\"col-10 even\">22<\/td><td class=\"col-11 odd\">100%<\/td><td class=\"col-12 even\">21<\/td><td class=\"col-13 odd\">100%<\/td><td class=\"col-14 even\">23<\/td><td class=\"col-15 odd\">100%<\/td><td class=\"col-16 even\">20<\/td><td class=\"col-17 odd\">100%<\/td><td class=\"col-18 even\">22<\/td><td class=\"col-19 odd\">100%<\/td><td class=\"col-20 even\">21<\/td><td class=\"col-21 odd\">100%<\/td><td class=\"col-22 even\">23<\/td><td class=\"col-23 odd\">100%<\/td><td class=\"col-24 even\">21<\/td><td class=\"col-25 odd\">100%<\/td><\/tr><tr id=\"igsv-1dbVm2fApkGshPrPTavID8lS-omlg7kXGviKfIlx_ZG4-row-17\" class=\"row-17 odd\"><td class=\"col-1 odd\">\u0160kuthanov\u00e1 Jana<\/td><td class=\"col-2 even\">242<\/td><td class=\"col-3 odd\">100%<\/td><td class=\"col-4 even\">36<\/td><td class=\"col-5 odd\">100%<\/td><td class=\"col-6 even\">15<\/td><td class=\"col-7 odd\">100%<\/td><td class=\"col-8 even\">18<\/td><td class=\"col-9 odd\">100%<\/td><td class=\"col-10 even\">22<\/td><td class=\"col-11 odd\">100%<\/td><td class=\"col-12 even\">21<\/td><td class=\"col-13 odd\">100%<\/td><td class=\"col-14 even\">23<\/td><td class=\"col-15 odd\">100%<\/td><td class=\"col-16 even\">20<\/td><td class=\"col-17 odd\">100%<\/td><td class=\"col-18 even\">22<\/td><td class=\"col-19 odd\">100%<\/td><td class=\"col-20 even\">21<\/td><td class=\"col-21 odd\">100%<\/td><td class=\"col-22 even\">23<\/td><td class=\"col-23 odd\">100%<\/td><td class=\"col-24 even\">21<\/td><td class=\"col-25 odd\">100%<\/td><\/tr><tr id=\"igsv-1dbVm2fApkGshPrPTavID8lS-omlg7kXGviKfIlx_ZG4-row-18\" class=\"row-18 even\"><td class=\"col-1 odd\">Valkov\u00e1 Krist\u00fdna<\/td><td class=\"col-2 even\">239<\/td><td class=\"col-3 odd\">99%<\/td><td class=\"col-4 even\">36<\/td><td class=\"col-5 odd\">100%<\/td><td class=\"col-6 even\">15<\/td><td class=\"col-7 odd\">100%<\/td><td class=\"col-8 even\">15<\/td><td class=\"col-9 odd\">83%<\/td><td class=\"col-10 even\">22<\/td><td class=\"col-11 odd\">100%<\/td><td class=\"col-12 even\">21<\/td><td class=\"col-13 odd\">100%<\/td><td class=\"col-14 even\">23<\/td><td class=\"col-15 odd\">100%<\/td><td class=\"col-16 even\">20<\/td><td class=\"col-17 odd\">100%<\/td><td class=\"col-18 even\">22<\/td><td class=\"col-19 odd\">100%<\/td><td class=\"col-20 even\">21<\/td><td class=\"col-21 odd\">100%<\/td><td class=\"col-22 even\">23<\/td><td class=\"col-23 odd\">100%<\/td><td class=\"col-24 even\">21<\/td><td class=\"col-25 odd\">100%<\/td><\/tr><tr id=\"igsv-1dbVm2fApkGshPrPTavID8lS-omlg7kXGviKfIlx_ZG4-row-19\" class=\"row-19 odd\"><td class=\"col-1 odd\">Zabilansk\u00e1 Tereza<\/td><td class=\"col-2 even\">229<\/td><td class=\"col-3 odd\">95%<\/td><td class=\"col-4 even\">26<\/td><td class=\"col-5 odd\">72%<\/td><td class=\"col-6 even\">13<\/td><td class=\"col-7 odd\">87%<\/td><td class=\"col-8 even\">17<\/td><td class=\"col-9 odd\">94%<\/td><td class=\"col-10 even\">22<\/td><td class=\"col-11 odd\">100%<\/td><td class=\"col-12 even\">21<\/td><td class=\"col-13 odd\">100%<\/td><td class=\"col-14 even\">23<\/td><td class=\"col-15 odd\">100%<\/td><td class=\"col-16 even\">20<\/td><td class=\"col-17 odd\">100%<\/td><td class=\"col-18 even\">22<\/td><td class=\"col-19 odd\">100%<\/td><td class=\"col-20 even\">21<\/td><td class=\"col-21 odd\">100%<\/td><td class=\"col-22 even\">23<\/td><td class=\"col-23 odd\">100%<\/td><td class=\"col-24 even\">21<\/td><td class=\"col-25 odd\">100%<\/td><\/tr><tr id=\"igsv-1dbVm2fApkGshPrPTavID8lS-omlg7kXGviKfIlx_ZG4-row-20\" class=\"row-20 even\"><td class=\"col-1 odd\">Johanka Mal\u00edkov\u00e1<\/td><td class=\"col-2 even\">241<\/td><td class=\"col-3 odd\">100%<\/td><td class=\"col-4 even\">36<\/td><td class=\"col-5 odd\">100%<\/td><td class=\"col-6 even\">14<\/td><td class=\"col-7 odd\">93%<\/td><td class=\"col-8 even\">18<\/td><td class=\"col-9 odd\">100%<\/td><td class=\"col-10 even\">22<\/td><td class=\"col-11 odd\">100%<\/td><td class=\"col-12 even\">21<\/td><td class=\"col-13 odd\">100%<\/td><td class=\"col-14 even\">23<\/td><td class=\"col-15 odd\">100%<\/td><td class=\"col-16 even\">20<\/td><td class=\"col-17 odd\">100%<\/td><td class=\"col-18 even\">22<\/td><td class=\"col-19 odd\">100%<\/td><td class=\"col-20 even\">21<\/td><td class=\"col-21 odd\">100%<\/td><td class=\"col-22 even\">23<\/td><td class=\"col-23 odd\">100%<\/td><td class=\"col-24 even\">21<\/td><td class=\"col-25 odd\">100%<\/td><\/tr><tr id=\"igsv-1dbVm2fApkGshPrPTavID8lS-omlg7kXGviKfIlx_ZG4-row-21\" class=\"row-21 odd\"><td class=\"col-1 odd\">P\u00e1ja \u010c\u00ed\u017ekov\u00e1<\/td><td class=\"col-2 even\">233<\/td><td class=\"col-3 odd\">96%<\/td><td class=\"col-4 even\">36<\/td><td class=\"col-5 odd\">100%<\/td><td class=\"col-6 even\">8<\/td><td class=\"col-7 odd\">53%<\/td><td class=\"col-8 even\">16<\/td><td class=\"col-9 odd\">89%<\/td><td class=\"col-10 even\">22<\/td><td class=\"col-11 odd\">100%<\/td><td class=\"col-12 even\">21<\/td><td class=\"col-13 odd\">100%<\/td><td class=\"col-14 even\">23<\/td><td class=\"col-15 odd\">100%<\/td><td class=\"col-16 even\">20<\/td><td class=\"col-17 odd\">100%<\/td><td class=\"col-18 even\">22<\/td><td class=\"col-19 odd\">100%<\/td><td class=\"col-20 even\">21<\/td><td class=\"col-21 odd\">100%<\/td><td class=\"col-22 even\">23<\/td><td class=\"col-23 odd\">100%<\/td><td class=\"col-24 even\">21<\/td><td class=\"col-25 odd\">100%<\/td><\/tr><tr id=\"igsv-1dbVm2fApkGshPrPTavID8lS-omlg7kXGviKfIlx_ZG4-row-22\" class=\"row-22 even\"><td class=\"col-1 odd\">Martina Pokorn\u00e1<\/td><td class=\"col-2 even\">237<\/td><td class=\"col-3 odd\">98%<\/td><td class=\"col-4 even\">36<\/td><td class=\"col-5 odd\">100%<\/td><td class=\"col-6 even\">11<\/td><td class=\"col-7 odd\">73%<\/td><td class=\"col-8 even\">17<\/td><td class=\"col-9 odd\">94%<\/td><td class=\"col-10 even\">22<\/td><td class=\"col-11 odd\">100%<\/td><td class=\"col-12 even\">21<\/td><td class=\"col-13 odd\">100%<\/td><td class=\"col-14 even\">23<\/td><td class=\"col-15 odd\">100%<\/td><td class=\"col-16 even\">20<\/td><td class=\"col-17 odd\">100%<\/td><td class=\"col-18 even\">22<\/td><td class=\"col-19 odd\">100%<\/td><td class=\"col-20 even\">21<\/td><td class=\"col-21 odd\">100%<\/td><td class=\"col-22 even\">23<\/td><td class=\"col-23 odd\">100%<\/td><td class=\"col-24 even\">21<\/td><td class=\"col-25 odd\">100%<\/td><\/tr><\/tbody><\/table>\n<p>&nbsp;<\/p>\n<div id=\"igsv-1-Barchart-1dbVm2fApkGshPrPTavID8lS-omlg7kXGviKfIlx_ZG4\" class=\"igsv-chart\" title=\"Celkov\u00e9 procento u\u010dasti\" data-chart-type=\"Bar\" data-datasource-href=\"https:\/\/docs.google.com\/spreadsheets\/d\/1dbVm2fApkGshPrPTavID8lS-omlg7kXGviKfIlx_ZG4\/gviz\/tq?tqx=out:csv&amp;tq=select%20A%2C%20C%20offset%202&amp;headers=0&amp;chart=true\" data-chart-h-axis='{ \"textPosition\":\"none\"}' data-chart-height='700' data-chart-legend='{ \"position\" : \"none\"}' data-chart-v-axis='{ \"textStyle\":{ \"fontSize\":12 }}'><\/div>\n<p>Podrobne informace o doch\u00e1zce <a href=\"https:\/\/docs.google.com\/spreadsheets\/d\/1dbVm2fApkGshPrPTavID8lS-omlg7kXGviKfIlx_ZG4\/edit?usp=sharing\">zde<\/a><\/p>\n<p>&nbsp;<\/p>\n","protected":false},"excerpt":{"rendered":"<p>&nbsp; Podrobne informace o doch\u00e1zce zde &nbsp;<\/p>\n","protected":false},"author":6,"featured_media":0,"parent":23765,"menu_order":0,"comment_status":"closed","ping_status":"closed","template":"","meta":{"ngg_post_thumbnail":0,"footnotes":""},"class_list":["post-23759","page","type-page","status-publish","hentry"],"_links":{"self":[{"href":"https:\/\/old.vkkralupy.cz\/index.php\/wp-json\/wp\/v2\/pages\/23759","targetHints":{"allow":["GET"]}}],"collection":[{"href":"https:\/\/old.vkkralupy.cz\/index.php\/wp-json\/wp\/v2\/pages"}],"about":[{"href":"https:\/\/old.vkkralupy.cz\/index.php\/wp-json\/wp\/v2\/types\/page"}],"author":[{"embeddable":true,"href":"https:\/\/old.vkkralupy.cz\/index.php\/wp-json\/wp\/v2\/users\/6"}],"replies":[{"embeddable":true,"href":"https:\/\/old.vkkralupy.cz\/index.php\/wp-json\/wp\/v2\/comments?post=23759"}],"version-history":[{"count":5,"href":"https:\/\/old.vkkralupy.cz\/index.php\/wp-json\/wp\/v2\/pages\/23759\/revisions"}],"predecessor-version":[{"id":23770,"href":"https:\/\/old.vkkralupy.cz\/index.php\/wp-json\/wp\/v2\/pages\/23759\/revisions\/23770"}],"up":[{"embeddable":true,"href":"https:\/\/old.vkkralupy.cz\/index.php\/wp-json\/wp\/v2\/pages\/23765"}],"wp:attachment":[{"href":"https:\/\/old.vkkralupy.cz\/index.php\/wp-json\/wp\/v2\/media?parent=23759"}],"curies":[{"name":"wp","href":"https:\/\/api.w.org\/{rel}","templated":true}]}}