{"id":13,"date":"2009-08-05T21:15:20","date_gmt":"2009-08-05T19:15:20","guid":{"rendered":"http:\/\/www.smety.cz\/vkkralupy\/?page_id=13"},"modified":"2025-06-23T04:38:15","modified_gmt":"2025-06-23T03:38:15","slug":"kontakty","status":"publish","type":"page","link":"https:\/\/old.vkkralupy.cz\/index.php\/kontakty\/","title":{"rendered":"Kontakty dokumenty"},"content":{"rendered":"<p>Tren\u00e9\u0159i:<\/p>\n<p>Tom\u00e1\u0161 Fomenko&nbsp; &nbsp; &nbsp; &nbsp; &nbsp; &nbsp; &nbsp; tel. 739 155 265&nbsp; &nbsp; &nbsp; &nbsp; \u017dENY ; U20<\/p>\n<p>Eli\u0161ka Valdhansov\u00e1&nbsp; &nbsp; &nbsp; &nbsp; &nbsp;tel.&nbsp; 774 965 868&nbsp; &nbsp; &nbsp; \u017dENY ; U20<\/p>\n<p>David N\u011bmec&nbsp; &nbsp; &nbsp; &nbsp; &nbsp; &nbsp; &nbsp; &nbsp; &nbsp; &nbsp; tel . 606 246 701&nbsp; &nbsp; &nbsp; &nbsp;U18<br \/>\nMichaela Byd\u017eovsk\u00e1&nbsp; &nbsp; &nbsp; &nbsp;tel. 603 469 243&nbsp; &nbsp; &nbsp; &nbsp; U18<\/p>\n<p>&nbsp;<\/p>\n<table border=\"0\">\n<tbody>\n<tr>\n<td><span style=\"font-size: small;\">Email:<br \/>\n<\/span><\/td>\n<td><a href=\"mailto:vkkralupy@seznam.cz\">vkkralupy@seznam.cz<\/a><\/td>\n<\/tr>\n<tr>\n<td><span style=\"font-size: small;\">T<\/span><span style=\"font-size: small;\">el:<\/span><\/td>\n<td><span style=\"font-size: small;\">724607152<\/span><\/td>\n<\/tr>\n<tr>\n<td>&nbsp;<\/td>\n<td><span style=\"font-size: small;\">&nbsp;<\/span><\/td>\n<\/tr>\n<\/tbody>\n<\/table>\n<p><em>H\u0159i\u0161t\u011b a t\u011blocvi\u010dny<\/em><\/p>\n<p><span style=\"text-decoration: underline;\"><strong>Sokol\u00e1k &#8211; antukov\u00e9 h\u0159i\u0161t\u011b<\/strong><\/span><\/p>\n<p>Parkovi\u0161t\u011b&nbsp; &#8211;&nbsp; ulice : Komensk\u00e9ho n\u00e1m.<\/p>\n<p>GPS : <a href=\"http:\/\/www.vkkralupy.cz\/wp-content\/soubory\/2009\/08\/sokol\u00e1k.jpg\">50\u00b014&#8217;31.124&#8243;N, 14\u00b018&#8217;46.106&#8243;E<\/a><\/p>\n<p><strong><span style=\"text-decoration: underline;\">Z\u0160&nbsp; Gen.Klap\u00e1lka &#8211; t\u011blocvi\u010dna<\/span><\/strong><\/p>\n<p>Parkovi\u0161t\u011b&nbsp; &#8211; ulice :&nbsp; Gener\u00e1la Klap\u00e1lka<\/p>\n<p>GPS : <a href=\"http:\/\/www.vkkralupy.cz\/wp-content\/soubory\/2009\/08\/hala.jpg\">50\u00b014&#8217;18.125&#8243;N, 14\u00b017&#8217;56.037&#8243;E<\/a><\/p>\n<p><span style=\"font-size: 18pt;\">Faktura\u010dn\u00ed udaje :<\/span><\/p>\n<p><strong><span style=\"color: #ff0000;\">VK KRALUPY, z.s.<\/span><\/strong><\/p>\n<p><strong><span style=\"color: #ff0000;\">V Luhu 1090, 278 01&nbsp;Kralupy nad Vltavou<\/span><\/strong><\/p>\n<p><strong><span style=\"color: #ff0000; font-size: 18pt;\">I\u010c : 23019263<\/span><\/strong><\/p>\n<p>Ke sta\u017een\u00ed:<\/p>\n<p><a href=\"http:\/\/www.vkkralupy.cz\/wp-content\/soubory\/2019\/10\/vol-osob.-\u00fadaje-formul\u00e1\u0159.pdf\">GDPR<\/a><\/p>\n<p><a href=\"http:\/\/www.vkkralupy.cz\/wp-content\/soubory\/2012\/10\/P\u0159ihla\u0161ka-do-volejbal.odd_..doc\">P\u0159ihl\u00e1\u0161ka do odd\u00edlu<\/a><\/p>\n<p><a href=\"http:\/\/www.vkkralupy.cz\/wp-content\/soubory\/2011\/09\/Zadost-o-prispevek-.doc\">\u017d\u00e1dost o p\u0159\u00edsp\u011bvek<\/a><\/p>\n<p><a href=\"http:\/\/www.vkkralupy.cz\/index.php\/kontakty\/darsml2016\/\">Darovac\u00ed smlouva<\/a><\/p>\n<p><a href=\"http:\/\/www.vkkralupy.cz\/wp-content\/soubory\/2011\/09\/smlouva-o-reklam%C4%9B.doc\">Smlouva o reklam\u011b<\/a><\/p>\n<p><a href=\"https:\/\/www.vkkralupy.cz\/wp-content\/soubory\/2023\/09\/zapis.xls\">Z\u00e1pis o utk\u00e1n\u00ed<\/a><\/p>\n<p><a href=\"http:\/\/www.vkkralupy.cz\/wp-content\/soubory\/2011\/09\/vol.h%C5%99i%C5%A1t%C4%9B.doc\">Volejbalov\u00e9 h\u0159i\u0161t\u011b<\/a><\/p>\n<p><a href=\"http:\/\/www.vkkralupy.cz\/wp-content\/soubory\/2009\/08\/h\u0159i\u0161t\u011b-zony.doc\">Volejbalov\u00e9 h\u0159i\u0161t\u011b &#8211; z\u00f3ny<\/a><\/p>\n<p><a href=\"http:\/\/www.vkkralupy.cz\/wp-content\/soubory\/2011\/09\/cestak.doc\">Cest\u00e1k<\/a><\/p>\n<p><a href=\"http:\/\/www.vkkralupy.cz\/wp-content\/soubory\/2011\/09\/bezinfekcnost.doc\">Bezinfek\u010dnost<\/a><\/p>\n<p><a href=\"http:\/\/www.vkkralupy.cz\/wp-content\/soubory\/2011\/09\/uvolneni-%C5%BE%C3%A1ka.doc\">Uvoln\u011bn\u00ed \u017e\u00e1ka<\/a><\/p>\n<p><a href=\"http:\/\/www.vkkralupy.cz\/wp-content\/soubory\/2011\/09\/clenske_zaznamyTJ_SK.doc\">\u010clensk\u00e9 z\u00e1znamy TJ<\/a><\/p>\n<p><a href=\"http:\/\/www.vkkralupy.cz\/wp-content\/soubory\/2009\/08\/D\u00edt\u011b-je-zdrav\u00e9.doc\">l\u00e9ka\u0159 &#8211; soust\u0159ed\u011bn\u00ed<\/a><\/p>\n<p><a href=\"http:\/\/www.vkkralupy.cz\/wp-content\/soubory\/2009\/08\/Zmocn\u011bn\u00ed-a-ur\u010den\u00ed-osoby-opr\u00e1vn\u011bn\u00e9-dle-z\u00e1kona-o-zdravotn\u00edch-slu\u017eb\u00e1ch.docx\">zmocn\u011bn\u00ed l\u00e9ka\u0159<\/a><\/p>\n<p><a href=\"http:\/\/www.vkkralupy.cz\/wp-content\/soubory\/2009\/08\/vyucto_rozh.pdf\">Vyu\u010dtov\u00e1n\u00ed za rozhod\u010d\u00edho<\/a><\/p>\n<p><a href=\"http:\/\/www.vkkralupy.cz\/wp-content\/soubory\/2009\/08\/set.xls\">Sety<\/a><\/p>\n<p>KCM<\/p>\n<p>St\u0159edo\u010desk\u00fd krajsk\u00fd volejbalov\u00fd svaz<\/p>\n<p>Pra\u017esk\u00e1 375<\/p>\n<p>252 29 Dob\u0159ichovice<\/p>\n<p>I\u010c 09782834<\/p>\n","protected":false},"excerpt":{"rendered":"<p>Tren\u00e9\u0159i: Tom\u00e1\u0161 Fomenko&nbsp; &nbsp; &nbsp; &nbsp; &nbsp; &nbsp; &nbsp; tel. 739 155 265&nbsp; &nbsp; &nbsp; &nbsp; \u017dENY ; U20 Eli\u0161ka Valdhansov\u00e1&nbsp; &nbsp; &nbsp; &nbsp; &nbsp;tel.&nbsp; 774 965 868&nbsp; &nbsp; &nbsp; \u017dENY ; U20 David N\u011bmec&nbsp; &nbsp; &nbsp; &nbsp; &nbsp; &nbsp; &nbsp; &nbsp; &nbsp; &nbsp; tel . 606 246 701&nbsp; &nbsp; &nbsp; &nbsp;U18 Michaela Byd\u017eovsk\u00e1&nbsp; &nbsp; [&hellip;]<\/p>\n","protected":false},"author":1,"featured_media":0,"parent":0,"menu_order":0,"comment_status":"closed","ping_status":"closed","template":"","meta":{"ngg_post_thumbnail":0,"footnotes":""},"class_list":["post-13","page","type-page","status-publish","hentry"],"_links":{"self":[{"href":"https:\/\/old.vkkralupy.cz\/index.php\/wp-json\/wp\/v2\/pages\/13","targetHints":{"allow":["GET"]}}],"collection":[{"href":"https:\/\/old.vkkralupy.cz\/index.php\/wp-json\/wp\/v2\/pages"}],"about":[{"href":"https:\/\/old.vkkralupy.cz\/index.php\/wp-json\/wp\/v2\/types\/page"}],"author":[{"embeddable":true,"href":"https:\/\/old.vkkralupy.cz\/index.php\/wp-json\/wp\/v2\/users\/1"}],"replies":[{"embeddable":true,"href":"https:\/\/old.vkkralupy.cz\/index.php\/wp-json\/wp\/v2\/comments?post=13"}],"version-history":[{"count":62,"href":"https:\/\/old.vkkralupy.cz\/index.php\/wp-json\/wp\/v2\/pages\/13\/revisions"}],"predecessor-version":[{"id":28533,"href":"https:\/\/old.vkkralupy.cz\/index.php\/wp-json\/wp\/v2\/pages\/13\/revisions\/28533"}],"wp:attachment":[{"href":"https:\/\/old.vkkralupy.cz\/index.php\/wp-json\/wp\/v2\/media?parent=13"}],"curies":[{"name":"wp","href":"https:\/\/api.w.org\/{rel}","templated":true}]}}